{"id":8,"date":"2022-10-25T19:12:10","date_gmt":"2022-10-25T19:12:10","guid":{"rendered":"https:\/\/gruasytransportesjms.com\/?page_id=8"},"modified":"2023-02-12T20:04:31","modified_gmt":"2023-02-12T20:04:31","slug":"acerca-de","status":"publish","type":"page","link":"https:\/\/gruasytransportesjms.com\/index.php\/acerca-de\/","title":{"rendered":"Servicios"},"content":{"rendered":"\n<figure class=\"wp-block-pullquote alignwide has-text-color has-background\" style=\"background:linear-gradient(135deg,rgb(2,3,129) 56%,rgb(40,116,252) 100%);color:#f3f700\"><blockquote><p><strong><em>Nuestro prop\u00f3sito como negocio es el de crear <\/em><\/strong><\/p><p><strong><em>y mantener al cliente<\/em><\/strong><\/p><\/blockquote><\/figure>\n\n\n\n<p class=\"has-text-align-left\">En gr\u00faas y transportes JMS ofrecemos una gran variedad de servicios, todos ellos pensados en satisfacer las necesidades del cliente.<\/p>\n\n\n\n<h2><strong>Tipos de servicios<\/strong><\/h2>\n\n\n\n<h3>Transporte<\/h3>\n\n\n\n<figure class=\"wp-block-image size-large\"><img loading=\"lazy\" width=\"1024\" height=\"427\" src=\"https:\/\/gruasytransportesjms.com\/wp-content\/uploads\/2022\/12\/image-1024x427.png\" alt=\"\" class=\"wp-image-121\" srcset=\"https:\/\/gruasytransportesjms.com\/wp-content\/uploads\/2022\/12\/image-1024x427.png 1024w, https:\/\/gruasytransportesjms.com\/wp-content\/uploads\/2022\/12\/image-300x125.png 300w, https:\/\/gruasytransportesjms.com\/wp-content\/uploads\/2022\/12\/image-768x320.png 768w, https:\/\/gruasytransportesjms.com\/wp-content\/uploads\/2022\/12\/image-1536x640.png 1536w, https:\/\/gruasytransportesjms.com\/wp-content\/uploads\/2022\/12\/image.png 1574w\" sizes=\"(max-width: 1024px) 100vw, 1024px\" \/><\/figure>\n\n\n\n<p>Servicio de transporte para maquinaria de construcci\u00f3n, agr\u00edcola y de gran tonelaje.<\/p>\n\n\n\n<h3>Servicio de gr\u00faa<\/h3>\n\n\n\n<figure class=\"wp-container-2 wp-block-gallery-1 wp-block-gallery has-nested-images columns-default is-cropped\">\n<figure class=\"wp-block-image size-large\"><img loading=\"lazy\" width=\"1024\" height=\"768\" data-id=\"117\"  src=\"https:\/\/gruasytransportesjms.com\/wp-content\/uploads\/2022\/12\/IMG_5864-1024x768.jpg\" alt=\"\" class=\"wp-image-117\" srcset=\"https:\/\/gruasytransportesjms.com\/wp-content\/uploads\/2022\/12\/IMG_5864-1024x768.jpg 1024w, https:\/\/gruasytransportesjms.com\/wp-content\/uploads\/2022\/12\/IMG_5864-300x225.jpg 300w, https:\/\/gruasytransportesjms.com\/wp-content\/uploads\/2022\/12\/IMG_5864-768x576.jpg 768w, https:\/\/gruasytransportesjms.com\/wp-content\/uploads\/2022\/12\/IMG_5864-1536x1152.jpg 1536w, https:\/\/gruasytransportesjms.com\/wp-content\/uploads\/2022\/12\/IMG_5864-2048x1536.jpg 2048w\" sizes=\"(max-width: 1024px) 100vw, 1024px\" \/><\/figure>\n<\/figure>\n\n\n\n<p>Con nuestro servicio de gr\u00faa podemos realizar transporte de veh\u00edculos, peque\u00f1a maquinar\u00eda industrial y de construcci\u00f3n.<\/p>\n\n\n\n<h3>Servicio de furgoneta<\/h3>\n\n\n\n<figure class=\"wp-container-4 wp-block-gallery-3 wp-block-gallery has-nested-images columns-default is-cropped\">\n<figure class=\"wp-block-image size-large\"><img loading=\"lazy\" width=\"1024\" height=\"768\" data-id=\"126\"  src=\"https:\/\/gruasytransportesjms.com\/wp-content\/uploads\/2022\/12\/90bda8d3-9bf9-442b-bd2c-dadf1a35fe86-1-1-1024x768.jpg\" alt=\"\" class=\"wp-image-126\" srcset=\"https:\/\/gruasytransportesjms.com\/wp-content\/uploads\/2022\/12\/90bda8d3-9bf9-442b-bd2c-dadf1a35fe86-1-1-1024x768.jpg 1024w, https:\/\/gruasytransportesjms.com\/wp-content\/uploads\/2022\/12\/90bda8d3-9bf9-442b-bd2c-dadf1a35fe86-1-1-300x225.jpg 300w, https:\/\/gruasytransportesjms.com\/wp-content\/uploads\/2022\/12\/90bda8d3-9bf9-442b-bd2c-dadf1a35fe86-1-1-768x576.jpg 768w, https:\/\/gruasytransportesjms.com\/wp-content\/uploads\/2022\/12\/90bda8d3-9bf9-442b-bd2c-dadf1a35fe86-1-1-1536x1152.jpg 1536w, https:\/\/gruasytransportesjms.com\/wp-content\/uploads\/2022\/12\/90bda8d3-9bf9-442b-bd2c-dadf1a35fe86-1-1.jpg 1600w\" sizes=\"(max-width: 1024px) 100vw, 1024px\" \/><\/figure>\n<\/figure>\n\n\n\n<p>Servicio de furgoneta para maquinaria agr\u00edcola o construcci\u00f3n de peque\u00f1o tonelaje.<\/p>\n\n\n\n<h3>Servicio de G\u00f3ndola<\/h3>\n\n\n\n<figure class=\"wp-block-image size-large\"><img loading=\"lazy\" width=\"1024\" height=\"769\" src=\"https:\/\/gruasytransportesjms.com\/wp-content\/uploads\/2023\/02\/IMG-20230208-WA0029-1024x769.jpg\" alt=\"\" class=\"wp-image-178\" srcset=\"https:\/\/gruasytransportesjms.com\/wp-content\/uploads\/2023\/02\/IMG-20230208-WA0029-1024x769.jpg 1024w, https:\/\/gruasytransportesjms.com\/wp-content\/uploads\/2023\/02\/IMG-20230208-WA0029-300x225.jpg 300w, https:\/\/gruasytransportesjms.com\/wp-content\/uploads\/2023\/02\/IMG-20230208-WA0029-768x577.jpg 768w, https:\/\/gruasytransportesjms.com\/wp-content\/uploads\/2023\/02\/IMG-20230208-WA0029.jpg 1440w\" sizes=\"(max-width: 1024px) 100vw, 1024px\" \/><figcaption>G\u00f3ndola JMS<\/figcaption><\/figure>\n\n\n\n<p>Servicio de g\u00f3ndola para el transporte de contenedores, maquinaria, tractores y camiones.<\/p>\n","protected":false},"excerpt":{"rendered":"<p>Nuestro prop\u00f3sito como negocio es el de crear y mantener al cliente En gr\u00faas y transportes JMS ofrecemos una gran variedad de servicios, todos ellos pensados en satisfacer las necesidades del cliente. Tipos de servicios Transporte Servicio de transporte para maquinaria de construcci\u00f3n, agr\u00edcola y de gran tonelaje. Servicio de gr\u00faa Con nuestro servicio de [&hellip;]<\/p>\n","protected":false},"author":1,"featured_media":0,"parent":0,"menu_order":0,"comment_status":"closed","ping_status":"closed","template":"","meta":{"om_disable_all_campaigns":false,"_monsterinsights_skip_tracking":false,"_monsterinsights_sitenote_active":false,"_monsterinsights_sitenote_note":"","_monsterinsights_sitenote_category":0},"aioseo_notices":[],"_links":{"self":[{"href":"https:\/\/gruasytransportesjms.com\/index.php\/wp-json\/wp\/v2\/pages\/8"}],"collection":[{"href":"https:\/\/gruasytransportesjms.com\/index.php\/wp-json\/wp\/v2\/pages"}],"about":[{"href":"https:\/\/gruasytransportesjms.com\/index.php\/wp-json\/wp\/v2\/types\/page"}],"author":[{"embeddable":true,"href":"https:\/\/gruasytransportesjms.com\/index.php\/wp-json\/wp\/v2\/users\/1"}],"replies":[{"embeddable":true,"href":"https:\/\/gruasytransportesjms.com\/index.php\/wp-json\/wp\/v2\/comments?post=8"}],"version-history":[{"count":16,"href":"https:\/\/gruasytransportesjms.com\/index.php\/wp-json\/wp\/v2\/pages\/8\/revisions"}],"predecessor-version":[{"id":180,"href":"https:\/\/gruasytransportesjms.com\/index.php\/wp-json\/wp\/v2\/pages\/8\/revisions\/180"}],"wp:attachment":[{"href":"https:\/\/gruasytransportesjms.com\/index.php\/wp-json\/wp\/v2\/media?parent=8"}],"curies":[{"name":"wp","href":"https:\/\/api.w.org\/{rel}","templated":true}]}}